{"id":35,"date":"2024-07-11T14:17:25","date_gmt":"2024-07-11T14:17:25","guid":{"rendered":"https:\/\/atelieconsultoria.com.br\/wp\/home\/"},"modified":"2025-01-20T14:10:36","modified_gmt":"2025-01-20T14:10:36","slug":"home","status":"publish","type":"page","link":"https:\/\/atelieconsultoria.com.br\/wp\/","title":{"rendered":"Home"},"content":{"rendered":"\n\n\n<h2>O QUE FAZEMOS ?<\/h2>\n\n\n\n\n\n\n\n<p>Orienta\u00e7\u00e3o estrat\u00e9gica para decis\u00f5es assertivas e resultados\u00a0impactantes..<\/p>\n\n\n\n\n\n<p>Treinamentos e workshops personalizados para desenvolver as habilidades\u00a0da\u00a0sua\u00a0equipe.<\/p>\n\n\n\n\n\n<p>Solu\u00e7\u00f5es sob medida para os desafios espec\u00edficos do\u00a0seu\u00a0neg\u00f3cio<\/p>\n\n\n\n\n\n<p>Cria\u00e7\u00e3o de um plano de a\u00e7\u00e3o s\u00f3lido para alcan\u00e7ar\u00a0seus\u00a0objetivos.<\/p>\n\n\n\n\n\n\n\n\n\n<h2>Nossos Servi\u00e7os<\/h2>\n\n\n\n\n\n<p>A Atelie Consultoria \u00e9 sua parceira estrat\u00e9gica para o sucesso em comunica\u00e7\u00e3o, <br>empreendedorismo e inova\u00e7\u00e3o.<br>Oferecemos solu\u00e7\u00f5es completas para a sua empresa, desde assessoria executiva, comunica\u00e7\u00e3o e treinamentos, gest\u00e3o de projetos e planejamento estrat\u00e9gico.<br>Nossa expertise desperta uma comunica\u00e7\u00e3o eficaz, cultura inovadora, otimiza\u00e7\u00e3o de processos, desenvolvimento de produtos inovadores e modelos de neg\u00f3cio disruptivos.<br>Transforme seu neg\u00f3cio e desbloqueie seu potencial m\u00e1ximo!<br>Conhe\u00e7a nossos servi\u00e7os e como podemos acelerar sua jornada rumo\u00a0ao\u00a0sucesso.<\/p>\n\n\n\n\n\n\n\n\n\n\n\n\n\n<p>Mensagens claras e impactantes que conectam com o seu\u00a0p\u00fablico.\u00a0<\/p>\n\n\n\n\n\n<p>Ambiente prop\u00edcio para a gera\u00e7\u00e3o e implementa\u00e7\u00e3o de ideias\u00a0inovadoras..\u00a0<\/p>\n\n\n\n\n\n<p>Estrat\u00e9gias que impulsionam o seu neg\u00f3cio de forma consistente.\u00a0<\/p>\n\n\n\n\n\n<p>Abordagens criativas para solucionar problemas e gerar novas\u00a0oportunidades.<\/p>\n\n\n\n\n\n<p>Implementa\u00e7\u00e3o eficiente de inova\u00e7\u00f5es para maximizar\u00a0resultados.<\/p>\n\n\n\n\n\n\n\n<h2>A EQUIPE<\/h2>\n\n\n\n\n\n\n\n<p>Uma profissional apaixonada por comunica\u00e7\u00e3o, empreendedorismo e inova\u00e7\u00e3o, que se dedica a ajudar empresas e pessoas a alcan\u00e7arem seus objetivos.<br>Minha trajet\u00f3ria:<br>Forma\u00e7\u00e3o acad\u00eamica s\u00f3lida: Bacharel em Comunica\u00e7\u00e3o Organizacional pela UTFPR &#8211; C\u00e2mpus Curitiba, com dupla diploma\u00e7\u00e3o em M\u00e9dia e Sociedade pelo IPP em Portugal.<br>Experi\u00eancia pr\u00e1tica: Membro do Movimento Empresa J\u00fanior (MEJ) e cofundador da Cacto Comunica\u00e7\u00e3o, empresa j\u00fanior de consultoria em comunica\u00e7\u00e3o e marketing.<br>Inova\u00e7\u00e3o em foco: Agente local de inova\u00e7\u00e3o (ALI) pelo Sebrae PR, cursando p\u00f3s-gradua\u00e7\u00e3o em Gest\u00e3o, Inova\u00e7\u00e3o e Transforma\u00e7\u00e3o Digital e Mestrado em Estudos da Linguagem\u00a0na\u00a0UTFPR.<\/p>\n\n\n\n\n\n<p>Professor experiente e empreendedor apaixonado:<br>17 anos de experi\u00eancia: Professor de f\u00edsica no ensino m\u00e9dio, com foco em metodologias ativas e descontra\u00eddas para o p\u00fablico jovem.<br>Desafio empolgante: Lecionar Rob\u00f3tica e Pensamento Computacional e empreendedorismo, preparando alunos para o futuro da tecnologia.<br>Forma\u00e7\u00e3o cont\u00ednua: Cursando Pedagogia para aprimorar ainda mais minhas habilidades e conhecimentos em educa\u00e7\u00e3o.<br>Microempreendedor : Propriet\u00e1rio de uma empresa de eventos\u00a0e\u00a0turismo.<\/p>\n\n\n\n\n\n\n\n<p><\/p>\n\n\n\n<h2>Nossos Clientes:<\/h2>\n\n\n\n<details class=\"wp-block-details is-layout-flow wp-block-details-is-layout-flow\"><summary><\/summary><\/details>\n\n\n\n\n\n<p><\/p>\n","protected":false},"excerpt":{"rendered":"","protected":false},"author":0,"featured_media":0,"parent":0,"menu_order":1,"comment_status":"closed","ping_status":"closed","template":"","meta":{"pagelayer_contact_templates":[],"_pagelayer_content":"","footnotes":""},"class_list":["post-35","page","type-page","status-publish","hentry"],"_links":{"self":[{"href":"https:\/\/atelieconsultoria.com.br\/wp\/wp-json\/wp\/v2\/pages\/35","targetHints":{"allow":["GET"]}}],"collection":[{"href":"https:\/\/atelieconsultoria.com.br\/wp\/wp-json\/wp\/v2\/pages"}],"about":[{"href":"https:\/\/atelieconsultoria.com.br\/wp\/wp-json\/wp\/v2\/types\/page"}],"replies":[{"embeddable":true,"href":"https:\/\/atelieconsultoria.com.br\/wp\/wp-json\/wp\/v2\/comments?post=35"}],"version-history":[{"count":29,"href":"https:\/\/atelieconsultoria.com.br\/wp\/wp-json\/wp\/v2\/pages\/35\/revisions"}],"predecessor-version":[{"id":153,"href":"https:\/\/atelieconsultoria.com.br\/wp\/wp-json\/wp\/v2\/pages\/35\/revisions\/153"}],"wp:attachment":[{"href":"https:\/\/atelieconsultoria.com.br\/wp\/wp-json\/wp\/v2\/media?parent=35"}],"curies":[{"name":"wp","href":"https:\/\/api.w.org\/{rel}","templated":true}]}}